{"id":1552,"date":"2024-07-10T07:11:50","date_gmt":"2024-07-10T07:11:50","guid":{"rendered":"https:\/\/www.sylvia-nanz.de\/website2024\/?page_id=1552"},"modified":"2025-06-18T11:13:28","modified_gmt":"2025-06-18T11:13:28","slug":"impressum","status":"publish","type":"page","link":"https:\/\/www.sylvia-nanz.de\/index.php\/impressum\/","title":{"rendered":"Impressum"},"content":{"rendered":"\t\t<div data-elementor-type=\"wp-page\" data-elementor-id=\"1552\" class=\"elementor elementor-1552\" data-elementor-post-type=\"page\">\n\t\t\t\t<div class=\"elementor-element elementor-element-7e1c8640 e-con-full e-flex e-con e-parent\" data-id=\"7e1c8640\" data-element_type=\"container\" data-e-type=\"container\">\n\t\t<div class=\"elementor-element elementor-element-1a97f4b9 e-con-full e-flex e-con e-child\" data-id=\"1a97f4b9\" data-element_type=\"container\" data-e-type=\"container\">\n\t\t<div class=\"elementor-element elementor-element-33b907f e-flex e-con-boxed e-con e-child\" data-id=\"33b907f\" data-element_type=\"container\" data-e-type=\"container\">\n\t\t\t\t\t<div class=\"e-con-inner\">\n\t\t\t\t<div class=\"elementor-element elementor-element-e65b5ae elementor-widget elementor-widget-text-editor\" data-id=\"e65b5ae\" data-element_type=\"widget\" data-e-type=\"widget\" data-widget_type=\"text-editor.default\">\n\t\t\t\t<div class=\"elementor-widget-container\">\n\t\t\t\t\t\t\t\t\t<div>\n<p>Sylvia Nanz<br>Am Auweg 1<br>61231 Bad Nauheim<\/p>\n<p>Tel: +49-173-4064410<\/p>\n<p>E-Mail: info@sylvia-nanz.de<\/p>\n<p><strong>Inhaltlich Verantwortlich gem\u00e4\u00df \u00a7 6 MDStV:<\/strong><\/p>\n<p>Sylvia Nanz<\/p>\n<p><strong>Verweise auf externe Web-Seiten:<\/strong><br>Unsere Web-Seiten enthalten Verweise (Links) zu Informationsangeboten auf Servern, die nicht unserer Kontrolle und Verantwortlichkeit unterliegen. Wir \u00fcbernehmen keine Verantwortung und Garantie f\u00fcr diese Informationen und billigen oder&nbsp; unterst\u00fctzen diese auch nicht inhaltlich. Diese&nbsp; Regelungen entsprechen sinngem\u00e4\u00df dem \u00a7 5 Absatz 3 des TDG (Teledienstegesetz).<\/p>\n<p><strong>Haftungsausschluss:<\/strong><br>Wir \u00fcbernehmen keine Haftung f\u00fcr Sch\u00e4den, die im Zusammenhang mit jeglicher Nutzung Ihrer Web-Seiten entstehen. Die Inhalte werden nach M\u00f6glichkeit regelm\u00e4\u00dfig \u00fcberpr\u00fcft und auf einen aktuellen Stand gebracht; eine Gew\u00e4hr f\u00fcr die&nbsp; Korrektheit kann aber in keinem Fall \u00fcbernommen werden.<\/p>\n<p><strong>Design, Konzept und technische Umsetzung:<\/strong><\/p>\n<p>W E R B E A G E N T U R<br>explodemedia | visuelle kommunikation<\/p>\n<p>Andere Ansichten. Bessere Aussichten.<br><a href=\"http:\/\/www.explodemedia.de\/\">explodemedia.de<\/a><\/p>\n<p><strong>Bilder:<\/strong><\/p>\n<p>\u00a9 Maria Chalkidou &#8211; maria-chalkidou.de<br>\u00a9 Sylvia Nanz&nbsp;<\/p>\n<p><strong>Inhalt und Struktur<\/strong>&nbsp;dieser Website ist Eigentum des Inhabers der Website.<\/p>\n<p><strong>Haftungsausschluss<\/strong><br>Wir \u00fcberpr\u00fcfen und aktualisieren die Informationen auf unsere Webseiten sorgf\u00e4ltig und kontinuierlich. Dennoch k\u00f6nnen wir f\u00fcr die Aktualit\u00e4t der Inhalte, die Richtigkeit der Angaben, die Vollst\u00e4ndigkeit und\/oder Qualit\u00e4t der Informationen keine Verantwortung \u00fcbernehmen.<br>Gleiches gilt auch f\u00fcr alle anderen Webseiten, auf die mittels Hyperlinks verwiesen wird. Wir sind f\u00fcr den Inhalt der Webseiten, die aufgrund einer solchen Verbindung erreicht werden, nicht verantwortlich. Ebenso \u00fcbernimmt sie keine Gew\u00e4hr oder Haftung f\u00fcr eventuell rechtswidrige Inhalte oder sonstige Rechtsverletzungen auf Websites fremder Anbieter. Die Benutzung dieser Website und das Herunterladen von Daten erfolgt auf eigene Gefahr. Wir \u00fcbernehmen keine Verantwortung f\u00fcr hieraus entstehende Sch\u00e4den, insbesondere an Datenbest\u00e4nden, Hardware- und Software des Benutzers.<\/p>\n<p><strong>Bildnachweis und Urheberrechte<\/strong><br>Falls nicht anders angegeben, unterliegen alle Seiten der Website-Betreiber GmbH dem Urheberrecht (Copyright). Dies gilt insbesondere f\u00fcr Texte, Bilder, Wappen, Logos, Grafiken, Geobasisdaten, Ton- und Videodateien einschlie\u00dflich deren Anordnung auf den Web-Seiten. Eine Vervielf\u00e4ltigung oder Verwendung solcher Seiten (oder Teilen davon) in anderen elektronischen oder gedruckten Publikationen und deren Ver\u00f6ffentlichung (auch im Internet) ist nur nach vorheriger Genehmigung gestattet. Die Genehmigung zur Publikation der Webseiten kann der Website-Betreiber erteilen (Impressum). Weiterhin k\u00f6nnen Bilder, Grafiken, Text- oder sonstige Dateien ganz oder teilweise dem Urheberrecht Dritter unterliegen. Alle innerhalb des Internetangebotes genannten und ggf. durch Dritte gesch\u00fctzten Marken- und Warenzeichen unterliegen uneingeschr\u00e4nkt den Bestimmungen des jeweils g\u00fcltigen Kennzeichenrechts und den Besitzrechten der jeweiligen eingetragenen Eigent\u00fcmer. Allein aufgrund der blo\u00dfen Nennung in unserem Internetangebot ist nicht der Schluss zu ziehen, dass Markenzeichen nicht durch Rechte Dritter gesch\u00fctzt sind.<\/p>\n<\/div>\t\t\t\t\t\t\t\t<\/div>\n\t\t\t\t<\/div>\n\t\t\t\t\t<\/div>\n\t\t\t\t<\/div>\n\t\t\t\t<\/div>\n\t\t\t\t<\/div>\n\t\t\t\t<\/div>\n\t\t","protected":false},"excerpt":{"rendered":"<p>Sylvia NanzAm Auweg 161231 Bad Nauheim Tel: +49-173-4064410 E-Mail: info@sylvia-nanz.de Inhaltlich Verantwortlich gem\u00e4\u00df \u00a7 6 MDStV: Sylvia Nanz Verweise auf externe Web-Seiten:Unsere Web-Seiten enthalten Verweise (Links) zu Informationsangeboten auf Servern, die nicht unserer Kontrolle und Verantwortlichkeit unterliegen. Wir \u00fcbernehmen keine Verantwortung und Garantie f\u00fcr diese Informationen und billigen oder&nbsp; unterst\u00fctzen diese auch nicht inhaltlich. Diese&nbsp; [&hellip;]<\/p>\n","protected":false},"author":1,"featured_media":0,"parent":0,"menu_order":0,"comment_status":"closed","ping_status":"closed","template":"elementor_header_footer","meta":{"footnotes":""},"class_list":["post-1552","page","type-page","status-publish","hentry"],"_links":{"self":[{"href":"https:\/\/www.sylvia-nanz.de\/index.php\/wp-json\/wp\/v2\/pages\/1552","targetHints":{"allow":["GET"]}}],"collection":[{"href":"https:\/\/www.sylvia-nanz.de\/index.php\/wp-json\/wp\/v2\/pages"}],"about":[{"href":"https:\/\/www.sylvia-nanz.de\/index.php\/wp-json\/wp\/v2\/types\/page"}],"author":[{"embeddable":true,"href":"https:\/\/www.sylvia-nanz.de\/index.php\/wp-json\/wp\/v2\/users\/1"}],"replies":[{"embeddable":true,"href":"https:\/\/www.sylvia-nanz.de\/index.php\/wp-json\/wp\/v2\/comments?post=1552"}],"version-history":[{"count":28,"href":"https:\/\/www.sylvia-nanz.de\/index.php\/wp-json\/wp\/v2\/pages\/1552\/revisions"}],"predecessor-version":[{"id":2497,"href":"https:\/\/www.sylvia-nanz.de\/index.php\/wp-json\/wp\/v2\/pages\/1552\/revisions\/2497"}],"wp:attachment":[{"href":"https:\/\/www.sylvia-nanz.de\/index.php\/wp-json\/wp\/v2\/media?parent=1552"}],"curies":[{"name":"wp","href":"https:\/\/api.w.org\/{rel}","templated":true}]}}